{"id":11845,"date":"2025-11-10T12:55:36","date_gmt":"2025-11-14T10:06:16","guid":{"rendered":"https:\/\/limegreen-elk-617987.hostingersite.com\/product\/uncategorized\/gift-set-no-25-60"},"modified":"2025-11-14T12:06:16","modified_gmt":"2025-11-14T10:06:16","slug":"gift-set-no-25-60","status":"publish","type":"product","link":"https:\/\/cavakalomenidis.gr\/en\/product\/gift\/gift-set-no-25-60","title":{"rendered":"Gift Set No. 25.60"},"content":{"rendered":"<ul>\n<li>Leather Chest<\/li>\n<li>One Bottle Mo\u00ebt &amp; Chandon Ros\u00e9 Imperial<\/li>\n<li>One Bottle Viognier Ktima GeroVassiliou<\/li>\n<li>One Bottle Syrah Ktima GeroVassiliou<\/li>\n<li>One Bottle Avdiros Ros\u00e9 Vourvoukeli<\/li>\n<li>One Bottle Patitiri Late Harvest Zoinos<\/li>\n<li>One Bottle Gin Tanqueray<\/li>\n<li>One Bottle Whisky Monkey Shoulder<\/li>\n<li>One Bottle Cognac R\u00e9my Martin V.S.O.P<\/li>\n<li>Cashew Nuts with Pepper Nuts &#8216;N Nuts<\/li>\n<li>Pistachio Nuts in Shell Nuts &#8216;N Nuts<\/li>\n<li>Case with Glass and Accessories<\/li>\n<\/ul>\n","protected":false},"excerpt":{"rendered":"<p>Leather Chest One Bottle Mo\u00ebt &amp; Chandon Ros\u00e9 Imperial One Bottle Viognier Ktima GeroVassiliou One Bottle Syrah Ktima GeroVassiliou One Bottle Avdiros Ros\u00e9 Vourvoukeli One Bottle Patitiri Late Harvest Zoinos One Bottle Gin Tanqueray One Bottle Whisky Monkey Shoulder One Bottle Cognac R\u00e9my Martin V.S.O.P Cashew Nuts with Pepper Nuts &#8216;N Nuts Pistachio Nuts in [&hellip;]<\/p>\n","protected":false},"featured_media":11678,"template":"","meta":{"_acf_changed":false,"inline_featured_image":false},"product_brand":[],"product_cat":[2666,1403,1361],"product_tag":[],"class_list":{"0":"post-11845","1":"product","2":"type-product","3":"status-publish","4":"has-post-thumbnail","6":"product_cat-all-the-gifts","7":"product_cat-corporate-gift","8":"product_cat-gift","10":"first","11":"instock","12":"shipping-taxable","13":"purchasable","14":"product-type-simple"},"acf":[],"yoast_head":"<!-- This site is optimized with the Yoast SEO plugin v26.8 - https:\/\/yoast.com\/product\/yoast-seo-wordpress\/ -->\n<title>Gift Set No. 25.60 | Cavakalomenidis<\/title>\n<meta name=\"description\" content=\"Leather Chest One Bottle Mo\u00ebt &amp; Chandon Ros\u00e9 Imperial One Bottle Viognier Ktima GeroVassiliou One Bottle Syrah Ktima GeroVassiliou One Bottle Avdiros Ros\u00e9 Vourvoukeli One Bottle Patitiri Late Harvest Zoinos One Bottle Gin Tanqueray One Bottle Whisky Monkey Shoulder One Bottle Cognac R\u00e9my Martin V.S.O.P Cashew Nuts with Pepper Nuts &#039;N Nuts Pistachio Nuts in Shell Nuts &#039;N Nuts Case with Glass and Accessories\" \/>\n<meta name=\"robots\" content=\"index, follow, max-snippet:-1, max-image-preview:large, max-video-preview:-1\" \/>\n<link rel=\"canonical\" href=\"https:\/\/cavakalomenidis.gr\/en\/product\/gift\/gift-set-no-25-60\" \/>\n<meta property=\"og:locale\" content=\"en_US\" \/>\n<meta property=\"og:type\" content=\"article\" \/>\n<meta property=\"og:title\" content=\"Gift Set No. 25.60 | Cavakalomenidis\" \/>\n<meta property=\"og:description\" content=\"Leather Chest One Bottle Mo\u00ebt &amp; Chandon Ros\u00e9 Imperial One Bottle Viognier Ktima GeroVassiliou One Bottle Syrah Ktima GeroVassiliou One Bottle Avdiros Ros\u00e9 Vourvoukeli One Bottle Patitiri Late Harvest Zoinos One Bottle Gin Tanqueray One Bottle Whisky Monkey Shoulder One Bottle Cognac R\u00e9my Martin V.S.O.P Cashew Nuts with Pepper Nuts &#039;N Nuts Pistachio Nuts in Shell Nuts &#039;N Nuts Case with Glass and Accessories\" \/>\n<meta property=\"og:url\" content=\"https:\/\/cavakalomenidis.gr\/en\/product\/gift\/gift-set-no-25-60\" \/>\n<meta property=\"og:site_name\" content=\"Cavakalomenidis\" \/>\n<meta property=\"og:image\" content=\"https:\/\/cavakalomenidis.gr\/wp-content\/uploads\/2025\/11\/DSC_0937-removebg-preview-jpg.webp\" \/>\n\t<meta property=\"og:image:width\" content=\"478\" \/>\n\t<meta property=\"og:image:height\" content=\"522\" \/>\n\t<meta property=\"og:image:type\" content=\"image\/jpeg\" \/>\n<meta name=\"twitter:card\" content=\"summary_large_image\" \/>\n<script type=\"application\/ld+json\" class=\"yoast-schema-graph\">{\"@context\":\"https:\/\/schema.org\",\"@graph\":[{\"@type\":\"WebPage\",\"@id\":\"https:\/\/cavakalomenidis.gr\/en\/product\/gift\/gift-set-no-25-60\",\"url\":\"https:\/\/cavakalomenidis.gr\/en\/product\/gift\/gift-set-no-25-60\",\"name\":\"Gift Set No. 25.60 | Cavakalomenidis\",\"isPartOf\":{\"@id\":\"https:\/\/limegreen-elk-617987.hostingersite.com\/#website\"},\"primaryImageOfPage\":{\"@id\":\"https:\/\/cavakalomenidis.gr\/en\/product\/gift\/gift-set-no-25-60#primaryimage\"},\"image\":{\"@id\":\"https:\/\/cavakalomenidis.gr\/en\/product\/gift\/gift-set-no-25-60#primaryimage\"},\"thumbnailUrl\":\"https:\/\/cavakalomenidis.gr\/wp-content\/uploads\/2025\/11\/DSC_0937-removebg-preview-jpg.webp\",\"datePublished\":\"2025-11-14T10:06:16+00:00\",\"description\":\"Leather Chest One Bottle Mo\u00ebt & Chandon Ros\u00e9 Imperial One Bottle Viognier Ktima GeroVassiliou One Bottle Syrah Ktima GeroVassiliou One Bottle Avdiros Ros\u00e9 Vourvoukeli One Bottle Patitiri Late Harvest Zoinos One Bottle Gin Tanqueray One Bottle Whisky Monkey Shoulder One Bottle Cognac R\u00e9my Martin V.S.O.P Cashew Nuts with Pepper Nuts 'N Nuts Pistachio Nuts in Shell Nuts 'N Nuts Case with Glass and Accessories\",\"breadcrumb\":{\"@id\":\"https:\/\/cavakalomenidis.gr\/en\/product\/gift\/gift-set-no-25-60#breadcrumb\"},\"inLanguage\":\"en-US\",\"potentialAction\":[{\"@type\":\"ReadAction\",\"target\":[\"https:\/\/cavakalomenidis.gr\/en\/product\/gift\/gift-set-no-25-60\"]}]},{\"@type\":\"ImageObject\",\"inLanguage\":\"en-US\",\"@id\":\"https:\/\/cavakalomenidis.gr\/en\/product\/gift\/gift-set-no-25-60#primaryimage\",\"url\":\"https:\/\/cavakalomenidis.gr\/wp-content\/uploads\/2025\/11\/DSC_0937-removebg-preview-jpg.webp\",\"contentUrl\":\"https:\/\/cavakalomenidis.gr\/wp-content\/uploads\/2025\/11\/DSC_0937-removebg-preview-jpg.webp\",\"width\":478,\"height\":522},{\"@type\":\"BreadcrumbList\",\"@id\":\"https:\/\/cavakalomenidis.gr\/en\/product\/gift\/gift-set-no-25-60#breadcrumb\",\"itemListElement\":[{\"@type\":\"ListItem\",\"position\":1,\"name\":\"\u0391\u03c1\u03c7\u03b9\u03ba\u03ae\",\"item\":\"https:\/\/cavakalomenidis.gr\/en\"},{\"@type\":\"ListItem\",\"position\":2,\"name\":\"Shop\",\"item\":\"https:\/\/cavakalomenidis.gr\/en\/shop\"},{\"@type\":\"ListItem\",\"position\":3,\"name\":\"Gift Set No. 25.60\"}]},{\"@type\":\"WebSite\",\"@id\":\"https:\/\/limegreen-elk-617987.hostingersite.com\/#website\",\"url\":\"https:\/\/limegreen-elk-617987.hostingersite.com\/\",\"name\":\"Cavakalomenidis\",\"description\":\"\u0393\u03c5\u03bd\u03b1\u03b9\u03ba\u03b5\u03af\u03b5\u03c2-\u0391\u03bd\u03b4\u03c1\u03b9\u03ba\u03ad\u03c2 \u03a4\u03c3\u03ac\u03bd\u03c4\u03b5\u03c2 \u0392\u03b1\u03bb\u03af\u03c4\u03c3\u03b5\u03c2 &amp; \u0391\u03be\u03b5\u03c3\u03bf\u03c5\u03ac\u03c1\",\"publisher\":{\"@id\":\"https:\/\/limegreen-elk-617987.hostingersite.com\/#organization\"},\"potentialAction\":[{\"@type\":\"SearchAction\",\"target\":{\"@type\":\"EntryPoint\",\"urlTemplate\":\"https:\/\/limegreen-elk-617987.hostingersite.com\/?s={search_term_string}\"},\"query-input\":{\"@type\":\"PropertyValueSpecification\",\"valueRequired\":true,\"valueName\":\"search_term_string\"}}],\"inLanguage\":\"en-US\"},{\"@type\":\"Organization\",\"@id\":\"https:\/\/limegreen-elk-617987.hostingersite.com\/#organization\",\"name\":\"Cavakalomenidis\",\"url\":\"https:\/\/limegreen-elk-617987.hostingersite.com\/\",\"logo\":{\"@type\":\"ImageObject\",\"inLanguage\":\"en-US\",\"@id\":\"https:\/\/limegreen-elk-617987.hostingersite.com\/#\/schema\/logo\/image\/\",\"url\":\"https:\/\/cavakalomenidis.gr\/wp-content\/uploads\/2021\/04\/logo_cavakalo.png\",\"contentUrl\":\"https:\/\/cavakalomenidis.gr\/wp-content\/uploads\/2021\/04\/logo_cavakalo.png\",\"width\":280,\"height\":52,\"caption\":\"Cavakalomenidis\"},\"image\":{\"@id\":\"https:\/\/limegreen-elk-617987.hostingersite.com\/#\/schema\/logo\/image\/\"}}]}<\/script>\n<!-- \/ Yoast SEO plugin. -->","yoast_head_json":{"title":"Gift Set No. 25.60 | Cavakalomenidis","description":"Leather Chest One Bottle Mo\u00ebt & Chandon Ros\u00e9 Imperial One Bottle Viognier Ktima GeroVassiliou One Bottle Syrah Ktima GeroVassiliou One Bottle Avdiros Ros\u00e9 Vourvoukeli One Bottle Patitiri Late Harvest Zoinos One Bottle Gin Tanqueray One Bottle Whisky Monkey Shoulder One Bottle Cognac R\u00e9my Martin V.S.O.P Cashew Nuts with Pepper Nuts 'N Nuts Pistachio Nuts in Shell Nuts 'N Nuts Case with Glass and Accessories","robots":{"index":"index","follow":"follow","max-snippet":"max-snippet:-1","max-image-preview":"max-image-preview:large","max-video-preview":"max-video-preview:-1"},"canonical":"https:\/\/cavakalomenidis.gr\/en\/product\/gift\/gift-set-no-25-60","og_locale":"en_US","og_type":"article","og_title":"Gift Set No. 25.60 | Cavakalomenidis","og_description":"Leather Chest One Bottle Mo\u00ebt & Chandon Ros\u00e9 Imperial One Bottle Viognier Ktima GeroVassiliou One Bottle Syrah Ktima GeroVassiliou One Bottle Avdiros Ros\u00e9 Vourvoukeli One Bottle Patitiri Late Harvest Zoinos One Bottle Gin Tanqueray One Bottle Whisky Monkey Shoulder One Bottle Cognac R\u00e9my Martin V.S.O.P Cashew Nuts with Pepper Nuts 'N Nuts Pistachio Nuts in Shell Nuts 'N Nuts Case with Glass and Accessories","og_url":"https:\/\/cavakalomenidis.gr\/en\/product\/gift\/gift-set-no-25-60","og_site_name":"Cavakalomenidis","og_image":[{"width":478,"height":522,"url":"https:\/\/cavakalomenidis.gr\/wp-content\/uploads\/2025\/11\/DSC_0937-removebg-preview-jpg.webp","type":"image\/jpeg"}],"twitter_card":"summary_large_image","schema":{"@context":"https:\/\/schema.org","@graph":[{"@type":"WebPage","@id":"https:\/\/cavakalomenidis.gr\/en\/product\/gift\/gift-set-no-25-60","url":"https:\/\/cavakalomenidis.gr\/en\/product\/gift\/gift-set-no-25-60","name":"Gift Set No. 25.60 | Cavakalomenidis","isPartOf":{"@id":"https:\/\/limegreen-elk-617987.hostingersite.com\/#website"},"primaryImageOfPage":{"@id":"https:\/\/cavakalomenidis.gr\/en\/product\/gift\/gift-set-no-25-60#primaryimage"},"image":{"@id":"https:\/\/cavakalomenidis.gr\/en\/product\/gift\/gift-set-no-25-60#primaryimage"},"thumbnailUrl":"https:\/\/cavakalomenidis.gr\/wp-content\/uploads\/2025\/11\/DSC_0937-removebg-preview-jpg.webp","datePublished":"2025-11-14T10:06:16+00:00","description":"Leather Chest One Bottle Mo\u00ebt & Chandon Ros\u00e9 Imperial One Bottle Viognier Ktima GeroVassiliou One Bottle Syrah Ktima GeroVassiliou One Bottle Avdiros Ros\u00e9 Vourvoukeli One Bottle Patitiri Late Harvest Zoinos One Bottle Gin Tanqueray One Bottle Whisky Monkey Shoulder One Bottle Cognac R\u00e9my Martin V.S.O.P Cashew Nuts with Pepper Nuts 'N Nuts Pistachio Nuts in Shell Nuts 'N Nuts Case with Glass and Accessories","breadcrumb":{"@id":"https:\/\/cavakalomenidis.gr\/en\/product\/gift\/gift-set-no-25-60#breadcrumb"},"inLanguage":"en-US","potentialAction":[{"@type":"ReadAction","target":["https:\/\/cavakalomenidis.gr\/en\/product\/gift\/gift-set-no-25-60"]}]},{"@type":"ImageObject","inLanguage":"en-US","@id":"https:\/\/cavakalomenidis.gr\/en\/product\/gift\/gift-set-no-25-60#primaryimage","url":"https:\/\/cavakalomenidis.gr\/wp-content\/uploads\/2025\/11\/DSC_0937-removebg-preview-jpg.webp","contentUrl":"https:\/\/cavakalomenidis.gr\/wp-content\/uploads\/2025\/11\/DSC_0937-removebg-preview-jpg.webp","width":478,"height":522},{"@type":"BreadcrumbList","@id":"https:\/\/cavakalomenidis.gr\/en\/product\/gift\/gift-set-no-25-60#breadcrumb","itemListElement":[{"@type":"ListItem","position":1,"name":"\u0391\u03c1\u03c7\u03b9\u03ba\u03ae","item":"https:\/\/cavakalomenidis.gr\/en"},{"@type":"ListItem","position":2,"name":"Shop","item":"https:\/\/cavakalomenidis.gr\/en\/shop"},{"@type":"ListItem","position":3,"name":"Gift Set No. 25.60"}]},{"@type":"WebSite","@id":"https:\/\/limegreen-elk-617987.hostingersite.com\/#website","url":"https:\/\/limegreen-elk-617987.hostingersite.com\/","name":"Cavakalomenidis","description":"\u0393\u03c5\u03bd\u03b1\u03b9\u03ba\u03b5\u03af\u03b5\u03c2-\u0391\u03bd\u03b4\u03c1\u03b9\u03ba\u03ad\u03c2 \u03a4\u03c3\u03ac\u03bd\u03c4\u03b5\u03c2 \u0392\u03b1\u03bb\u03af\u03c4\u03c3\u03b5\u03c2 &amp; \u0391\u03be\u03b5\u03c3\u03bf\u03c5\u03ac\u03c1","publisher":{"@id":"https:\/\/limegreen-elk-617987.hostingersite.com\/#organization"},"potentialAction":[{"@type":"SearchAction","target":{"@type":"EntryPoint","urlTemplate":"https:\/\/limegreen-elk-617987.hostingersite.com\/?s={search_term_string}"},"query-input":{"@type":"PropertyValueSpecification","valueRequired":true,"valueName":"search_term_string"}}],"inLanguage":"en-US"},{"@type":"Organization","@id":"https:\/\/limegreen-elk-617987.hostingersite.com\/#organization","name":"Cavakalomenidis","url":"https:\/\/limegreen-elk-617987.hostingersite.com\/","logo":{"@type":"ImageObject","inLanguage":"en-US","@id":"https:\/\/limegreen-elk-617987.hostingersite.com\/#\/schema\/logo\/image\/","url":"https:\/\/cavakalomenidis.gr\/wp-content\/uploads\/2021\/04\/logo_cavakalo.png","contentUrl":"https:\/\/cavakalomenidis.gr\/wp-content\/uploads\/2021\/04\/logo_cavakalo.png","width":280,"height":52,"caption":"Cavakalomenidis"},"image":{"@id":"https:\/\/limegreen-elk-617987.hostingersite.com\/#\/schema\/logo\/image\/"}}]}},"_links":{"self":[{"href":"https:\/\/cavakalomenidis.gr\/en\/wp-json\/wp\/v2\/product\/11845","targetHints":{"allow":["GET"]}}],"collection":[{"href":"https:\/\/cavakalomenidis.gr\/en\/wp-json\/wp\/v2\/product"}],"about":[{"href":"https:\/\/cavakalomenidis.gr\/en\/wp-json\/wp\/v2\/types\/product"}],"wp:featuredmedia":[{"embeddable":true,"href":"https:\/\/cavakalomenidis.gr\/en\/wp-json\/wp\/v2\/media\/11678"}],"wp:attachment":[{"href":"https:\/\/cavakalomenidis.gr\/en\/wp-json\/wp\/v2\/media?parent=11845"}],"wp:term":[{"taxonomy":"product_brand","embeddable":true,"href":"https:\/\/cavakalomenidis.gr\/en\/wp-json\/wp\/v2\/product_brand?post=11845"},{"taxonomy":"product_cat","embeddable":true,"href":"https:\/\/cavakalomenidis.gr\/en\/wp-json\/wp\/v2\/product_cat?post=11845"},{"taxonomy":"product_tag","embeddable":true,"href":"https:\/\/cavakalomenidis.gr\/en\/wp-json\/wp\/v2\/product_tag?post=11845"}],"curies":[{"name":"wp","href":"https:\/\/api.w.org\/{rel}","templated":true}]}}